{"id":314,"date":"2023-09-20T11:15:28","date_gmt":"2023-09-20T09:15:28","guid":{"rendered":"https:\/\/www.charente-tournages.com\/?page_id=314"},"modified":"2023-12-12T09:56:32","modified_gmt":"2023-12-12T08:56:32","slug":"qui-sommes-nous","status":"publish","type":"page","link":"https:\/\/www.charente-tournages.com\/fr\/apropos\/qui-sommes-nous\/","title":{"rendered":"Qui sommes-nous ?"},"content":{"rendered":"","protected":false},"excerpt":{"rendered":"","protected":false},"author":4,"featured_media":0,"parent":111,"menu_order":0,"comment_status":"closed","ping_status":"closed","template":"template-templateB.php","meta":{"_acf_changed":false,"footnotes":""},"class_list":["post-314","page","type-page","status-publish","hentry"],"acf":[],"yoast_head":"<!-- This site is optimized with the Yoast SEO plugin v27.5 - https:\/\/yoast.com\/product\/yoast-seo-wordpress\/ -->\n<title>Qui sommes-nous I Magelis, organisme de coop\u00e9ration local<\/title>\n<meta name=\"description\" content=\"Qui sommes-nous : L\u2019ambition pour Magelis est de d\u00e9velopper le nombre de tournages en Charente et de d\u00e9montrer sa capacit\u00e9 \u00e0 accueillir...\" \/>\n<meta name=\"robots\" content=\"index, follow, max-snippet:-1, max-image-preview:large, max-video-preview:-1\" \/>\n<link rel=\"canonical\" href=\"https:\/\/www.charente-tournages.com\/fr\/apropos\/qui-sommes-nous\/\" \/>\n<meta property=\"og:locale\" content=\"fr_FR\" \/>\n<meta property=\"og:type\" content=\"article\" \/>\n<meta property=\"og:title\" content=\"Qui sommes-nous I Magelis, organisme de coop\u00e9ration local\" \/>\n<meta property=\"og:description\" content=\"Qui sommes-nous : L\u2019ambition pour Magelis est de d\u00e9velopper le nombre de tournages en Charente et de d\u00e9montrer sa capacit\u00e9 \u00e0 accueillir...\" \/>\n<meta property=\"og:url\" content=\"https:\/\/www.charente-tournages.com\/fr\/apropos\/qui-sommes-nous\/\" \/>\n<meta property=\"og:site_name\" content=\"Charente Tournages\" \/>\n<meta property=\"article:modified_time\" content=\"2023-12-12T08:56:32+00:00\" \/>\n<meta name=\"twitter:card\" content=\"summary_large_image\" \/>\n<script type=\"application\/ld+json\" class=\"yoast-schema-graph\">{\"@context\":\"https:\\\/\\\/schema.org\",\"@graph\":[{\"@type\":\"WebPage\",\"@id\":\"https:\\\/\\\/www.charente-tournages.com\\\/fr\\\/apropos\\\/qui-sommes-nous\\\/\",\"url\":\"https:\\\/\\\/www.charente-tournages.com\\\/fr\\\/apropos\\\/qui-sommes-nous\\\/\",\"name\":\"Qui sommes-nous I Magelis, organisme de coop\u00e9ration local\",\"isPartOf\":{\"@id\":\"https:\\\/\\\/www.charente-tournages.com\\\/fr\\\/#website\"},\"datePublished\":\"2023-09-20T09:15:28+00:00\",\"dateModified\":\"2023-12-12T08:56:32+00:00\",\"description\":\"Qui sommes-nous : L\u2019ambition pour Magelis est de d\u00e9velopper le nombre de tournages en Charente et de d\u00e9montrer sa capacit\u00e9 \u00e0 accueillir...\",\"breadcrumb\":{\"@id\":\"https:\\\/\\\/www.charente-tournages.com\\\/fr\\\/apropos\\\/qui-sommes-nous\\\/#breadcrumb\"},\"inLanguage\":\"fr-FR\",\"potentialAction\":[{\"@type\":\"ReadAction\",\"target\":[\"https:\\\/\\\/www.charente-tournages.com\\\/fr\\\/apropos\\\/qui-sommes-nous\\\/\"]}]},{\"@type\":\"BreadcrumbList\",\"@id\":\"https:\\\/\\\/www.charente-tournages.com\\\/fr\\\/apropos\\\/qui-sommes-nous\\\/#breadcrumb\",\"itemListElement\":[{\"@type\":\"ListItem\",\"position\":1,\"name\":\"Accueil\",\"item\":\"https:\\\/\\\/www.charente-tournages.com\\\/fr\\\/\"},{\"@type\":\"ListItem\",\"position\":2,\"name\":\"\u00c0 propos\",\"item\":\"http:\\\/\\\/www.charente-tournages.com\\\/fr\\\/apropos\\\/\"},{\"@type\":\"ListItem\",\"position\":3,\"name\":\"Qui sommes-nous ?\"}]},{\"@type\":\"WebSite\",\"@id\":\"https:\\\/\\\/www.charente-tournages.com\\\/fr\\\/#website\",\"url\":\"https:\\\/\\\/www.charente-tournages.com\\\/fr\\\/\",\"name\":\"Charente Tournages\",\"description\":\"Venez prendre la lumi\u00e8re en Charente\",\"potentialAction\":[{\"@type\":\"SearchAction\",\"target\":{\"@type\":\"EntryPoint\",\"urlTemplate\":\"https:\\\/\\\/www.charente-tournages.com\\\/fr\\\/?s={search_term_string}\"},\"query-input\":{\"@type\":\"PropertyValueSpecification\",\"valueRequired\":true,\"valueName\":\"search_term_string\"}}],\"inLanguage\":\"fr-FR\"}]}<\/script>\n<!-- \/ Yoast SEO plugin. -->","yoast_head_json":{"title":"Qui sommes-nous I Magelis, organisme de coop\u00e9ration local","description":"Qui sommes-nous : L\u2019ambition pour Magelis est de d\u00e9velopper le nombre de tournages en Charente et de d\u00e9montrer sa capacit\u00e9 \u00e0 accueillir...","robots":{"index":"index","follow":"follow","max-snippet":"max-snippet:-1","max-image-preview":"max-image-preview:large","max-video-preview":"max-video-preview:-1"},"canonical":"https:\/\/www.charente-tournages.com\/fr\/apropos\/qui-sommes-nous\/","og_locale":"fr_FR","og_type":"article","og_title":"Qui sommes-nous I Magelis, organisme de coop\u00e9ration local","og_description":"Qui sommes-nous : L\u2019ambition pour Magelis est de d\u00e9velopper le nombre de tournages en Charente et de d\u00e9montrer sa capacit\u00e9 \u00e0 accueillir...","og_url":"https:\/\/www.charente-tournages.com\/fr\/apropos\/qui-sommes-nous\/","og_site_name":"Charente Tournages","article_modified_time":"2023-12-12T08:56:32+00:00","twitter_card":"summary_large_image","schema":{"@context":"https:\/\/schema.org","@graph":[{"@type":"WebPage","@id":"https:\/\/www.charente-tournages.com\/fr\/apropos\/qui-sommes-nous\/","url":"https:\/\/www.charente-tournages.com\/fr\/apropos\/qui-sommes-nous\/","name":"Qui sommes-nous I Magelis, organisme de coop\u00e9ration local","isPartOf":{"@id":"https:\/\/www.charente-tournages.com\/fr\/#website"},"datePublished":"2023-09-20T09:15:28+00:00","dateModified":"2023-12-12T08:56:32+00:00","description":"Qui sommes-nous : L\u2019ambition pour Magelis est de d\u00e9velopper le nombre de tournages en Charente et de d\u00e9montrer sa capacit\u00e9 \u00e0 accueillir...","breadcrumb":{"@id":"https:\/\/www.charente-tournages.com\/fr\/apropos\/qui-sommes-nous\/#breadcrumb"},"inLanguage":"fr-FR","potentialAction":[{"@type":"ReadAction","target":["https:\/\/www.charente-tournages.com\/fr\/apropos\/qui-sommes-nous\/"]}]},{"@type":"BreadcrumbList","@id":"https:\/\/www.charente-tournages.com\/fr\/apropos\/qui-sommes-nous\/#breadcrumb","itemListElement":[{"@type":"ListItem","position":1,"name":"Accueil","item":"https:\/\/www.charente-tournages.com\/fr\/"},{"@type":"ListItem","position":2,"name":"\u00c0 propos","item":"http:\/\/www.charente-tournages.com\/fr\/apropos\/"},{"@type":"ListItem","position":3,"name":"Qui sommes-nous ?"}]},{"@type":"WebSite","@id":"https:\/\/www.charente-tournages.com\/fr\/#website","url":"https:\/\/www.charente-tournages.com\/fr\/","name":"Charente Tournages","description":"Venez prendre la lumi\u00e8re en Charente","potentialAction":[{"@type":"SearchAction","target":{"@type":"EntryPoint","urlTemplate":"https:\/\/www.charente-tournages.com\/fr\/?s={search_term_string}"},"query-input":{"@type":"PropertyValueSpecification","valueRequired":true,"valueName":"search_term_string"}}],"inLanguage":"fr-FR"}]}},"_links":{"self":[{"href":"https:\/\/www.charente-tournages.com\/fr\/wp-json\/wp\/v2\/pages\/314","targetHints":{"allow":["GET"]}}],"collection":[{"href":"https:\/\/www.charente-tournages.com\/fr\/wp-json\/wp\/v2\/pages"}],"about":[{"href":"https:\/\/www.charente-tournages.com\/fr\/wp-json\/wp\/v2\/types\/page"}],"author":[{"embeddable":true,"href":"https:\/\/www.charente-tournages.com\/fr\/wp-json\/wp\/v2\/users\/4"}],"replies":[{"embeddable":true,"href":"https:\/\/www.charente-tournages.com\/fr\/wp-json\/wp\/v2\/comments?post=314"}],"version-history":[{"count":19,"href":"https:\/\/www.charente-tournages.com\/fr\/wp-json\/wp\/v2\/pages\/314\/revisions"}],"predecessor-version":[{"id":1121,"href":"https:\/\/www.charente-tournages.com\/fr\/wp-json\/wp\/v2\/pages\/314\/revisions\/1121"}],"up":[{"embeddable":true,"href":"https:\/\/www.charente-tournages.com\/fr\/wp-json\/wp\/v2\/pages\/111"}],"wp:attachment":[{"href":"https:\/\/www.charente-tournages.com\/fr\/wp-json\/wp\/v2\/media?parent=314"}],"curies":[{"name":"wp","href":"https:\/\/api.w.org\/{rel}","templated":true}]}}