{"id":218,"date":"2023-09-13T10:59:09","date_gmt":"2023-09-13T08:59:09","guid":{"rendered":"https:\/\/www.charente-tournages.com\/?page_id=218"},"modified":"2023-12-07T17:14:38","modified_gmt":"2023-12-07T16:14:38","slug":"action","status":"publish","type":"page","link":"https:\/\/www.charente-tournages.com\/fr\/action\/","title":{"rendered":"Action"},"content":{"rendered":"","protected":false},"excerpt":{"rendered":"","protected":false},"author":1,"featured_media":0,"parent":0,"menu_order":0,"comment_status":"closed","ping_status":"closed","template":"page-action.php","meta":{"_acf_changed":false,"footnotes":""},"class_list":["post-218","page","type-page","status-publish","hentry"],"acf":[],"yoast_head":"<!-- This site is optimized with the Yoast SEO plugin v27.6 - https:\/\/yoast.com\/product\/yoast-seo-wordpress\/ -->\n<title>Action I documentaire, animation et \u0153uvres immersives<\/title>\n<meta name=\"description\" content=\"Magelis a contribu\u00e9 \u00e0 la production de plusieurs \u0153uvres sur le territoire en fiction, documentaire, animation et \u0153uvres immersives...\" \/>\n<meta name=\"robots\" content=\"index, follow, max-snippet:-1, max-image-preview:large, max-video-preview:-1\" \/>\n<link rel=\"canonical\" href=\"https:\/\/www.charente-tournages.com\/fr\/action\/\" \/>\n<meta property=\"og:locale\" content=\"fr_FR\" \/>\n<meta property=\"og:type\" content=\"article\" \/>\n<meta property=\"og:title\" content=\"Action I documentaire, animation et \u0153uvres immersives\" \/>\n<meta property=\"og:description\" content=\"Magelis a contribu\u00e9 \u00e0 la production de plusieurs \u0153uvres sur le territoire en fiction, documentaire, animation et \u0153uvres immersives...\" \/>\n<meta property=\"og:url\" content=\"https:\/\/www.charente-tournages.com\/fr\/action\/\" \/>\n<meta property=\"og:site_name\" content=\"Charente Tournages\" \/>\n<meta property=\"article:modified_time\" content=\"2023-12-07T16:14:38+00:00\" \/>\n<meta name=\"twitter:card\" content=\"summary_large_image\" \/>\n<script type=\"application\/ld+json\" class=\"yoast-schema-graph\">{\"@context\":\"https:\\\/\\\/schema.org\",\"@graph\":[{\"@type\":\"WebPage\",\"@id\":\"https:\\\/\\\/www.charente-tournages.com\\\/fr\\\/action\\\/\",\"url\":\"https:\\\/\\\/www.charente-tournages.com\\\/fr\\\/action\\\/\",\"name\":\"Action I documentaire, animation et \u0153uvres immersives\",\"isPartOf\":{\"@id\":\"https:\\\/\\\/www.charente-tournages.com\\\/fr\\\/#website\"},\"datePublished\":\"2023-09-13T08:59:09+00:00\",\"dateModified\":\"2023-12-07T16:14:38+00:00\",\"description\":\"Magelis a contribu\u00e9 \u00e0 la production de plusieurs \u0153uvres sur le territoire en fiction, documentaire, animation et \u0153uvres immersives...\",\"breadcrumb\":{\"@id\":\"https:\\\/\\\/www.charente-tournages.com\\\/fr\\\/action\\\/#breadcrumb\"},\"inLanguage\":\"fr-FR\",\"potentialAction\":[{\"@type\":\"ReadAction\",\"target\":[\"https:\\\/\\\/www.charente-tournages.com\\\/fr\\\/action\\\/\"]}]},{\"@type\":\"BreadcrumbList\",\"@id\":\"https:\\\/\\\/www.charente-tournages.com\\\/fr\\\/action\\\/#breadcrumb\",\"itemListElement\":[{\"@type\":\"ListItem\",\"position\":1,\"name\":\"Accueil\",\"item\":\"https:\\\/\\\/www.charente-tournages.com\\\/fr\\\/\"},{\"@type\":\"ListItem\",\"position\":2,\"name\":\"Action\"}]},{\"@type\":\"WebSite\",\"@id\":\"https:\\\/\\\/www.charente-tournages.com\\\/fr\\\/#website\",\"url\":\"https:\\\/\\\/www.charente-tournages.com\\\/fr\\\/\",\"name\":\"Charente Tournages\",\"description\":\"Venez prendre la lumi\u00e8re en Charente\",\"potentialAction\":[{\"@type\":\"SearchAction\",\"target\":{\"@type\":\"EntryPoint\",\"urlTemplate\":\"https:\\\/\\\/www.charente-tournages.com\\\/fr\\\/?s={search_term_string}\"},\"query-input\":{\"@type\":\"PropertyValueSpecification\",\"valueRequired\":true,\"valueName\":\"search_term_string\"}}],\"inLanguage\":\"fr-FR\"}]}<\/script>\n<!-- \/ Yoast SEO plugin. -->","yoast_head_json":{"title":"Action I documentaire, animation et \u0153uvres immersives","description":"Magelis a contribu\u00e9 \u00e0 la production de plusieurs \u0153uvres sur le territoire en fiction, documentaire, animation et \u0153uvres immersives...","robots":{"index":"index","follow":"follow","max-snippet":"max-snippet:-1","max-image-preview":"max-image-preview:large","max-video-preview":"max-video-preview:-1"},"canonical":"https:\/\/www.charente-tournages.com\/fr\/action\/","og_locale":"fr_FR","og_type":"article","og_title":"Action I documentaire, animation et \u0153uvres immersives","og_description":"Magelis a contribu\u00e9 \u00e0 la production de plusieurs \u0153uvres sur le territoire en fiction, documentaire, animation et \u0153uvres immersives...","og_url":"https:\/\/www.charente-tournages.com\/fr\/action\/","og_site_name":"Charente Tournages","article_modified_time":"2023-12-07T16:14:38+00:00","twitter_card":"summary_large_image","schema":{"@context":"https:\/\/schema.org","@graph":[{"@type":"WebPage","@id":"https:\/\/www.charente-tournages.com\/fr\/action\/","url":"https:\/\/www.charente-tournages.com\/fr\/action\/","name":"Action I documentaire, animation et \u0153uvres immersives","isPartOf":{"@id":"https:\/\/www.charente-tournages.com\/fr\/#website"},"datePublished":"2023-09-13T08:59:09+00:00","dateModified":"2023-12-07T16:14:38+00:00","description":"Magelis a contribu\u00e9 \u00e0 la production de plusieurs \u0153uvres sur le territoire en fiction, documentaire, animation et \u0153uvres immersives...","breadcrumb":{"@id":"https:\/\/www.charente-tournages.com\/fr\/action\/#breadcrumb"},"inLanguage":"fr-FR","potentialAction":[{"@type":"ReadAction","target":["https:\/\/www.charente-tournages.com\/fr\/action\/"]}]},{"@type":"BreadcrumbList","@id":"https:\/\/www.charente-tournages.com\/fr\/action\/#breadcrumb","itemListElement":[{"@type":"ListItem","position":1,"name":"Accueil","item":"https:\/\/www.charente-tournages.com\/fr\/"},{"@type":"ListItem","position":2,"name":"Action"}]},{"@type":"WebSite","@id":"https:\/\/www.charente-tournages.com\/fr\/#website","url":"https:\/\/www.charente-tournages.com\/fr\/","name":"Charente Tournages","description":"Venez prendre la lumi\u00e8re en Charente","potentialAction":[{"@type":"SearchAction","target":{"@type":"EntryPoint","urlTemplate":"https:\/\/www.charente-tournages.com\/fr\/?s={search_term_string}"},"query-input":{"@type":"PropertyValueSpecification","valueRequired":true,"valueName":"search_term_string"}}],"inLanguage":"fr-FR"}]}},"_links":{"self":[{"href":"https:\/\/www.charente-tournages.com\/fr\/wp-json\/wp\/v2\/pages\/218","targetHints":{"allow":["GET"]}}],"collection":[{"href":"https:\/\/www.charente-tournages.com\/fr\/wp-json\/wp\/v2\/pages"}],"about":[{"href":"https:\/\/www.charente-tournages.com\/fr\/wp-json\/wp\/v2\/types\/page"}],"author":[{"embeddable":true,"href":"https:\/\/www.charente-tournages.com\/fr\/wp-json\/wp\/v2\/users\/1"}],"replies":[{"embeddable":true,"href":"https:\/\/www.charente-tournages.com\/fr\/wp-json\/wp\/v2\/comments?post=218"}],"version-history":[{"count":8,"href":"https:\/\/www.charente-tournages.com\/fr\/wp-json\/wp\/v2\/pages\/218\/revisions"}],"predecessor-version":[{"id":1065,"href":"https:\/\/www.charente-tournages.com\/fr\/wp-json\/wp\/v2\/pages\/218\/revisions\/1065"}],"wp:attachment":[{"href":"https:\/\/www.charente-tournages.com\/fr\/wp-json\/wp\/v2\/media?parent=218"}],"curies":[{"name":"wp","href":"https:\/\/api.w.org\/{rel}","templated":true}]}}