{"id":186,"date":"2023-09-12T08:47:46","date_gmt":"2023-09-12T06:47:46","guid":{"rendered":"https:\/\/www.charente-tournages.fr\/?page_id=186"},"modified":"2025-07-28T15:18:14","modified_gmt":"2025-07-28T13:18:14","slug":"contact","status":"publish","type":"page","link":"https:\/\/www.charente-tournages.com\/fr\/contact\/","title":{"rendered":"Contact"},"content":{"rendered":"","protected":false},"excerpt":{"rendered":"","protected":false},"author":1,"featured_media":0,"parent":0,"menu_order":0,"comment_status":"closed","ping_status":"closed","template":"page-contact.php","meta":{"_acf_changed":false,"footnotes":""},"class_list":["post-186","page","type-page","status-publish","hentry"],"acf":[],"yoast_head":"<!-- This site is optimized with the Yoast SEO plugin v27.5 - https:\/\/yoast.com\/product\/yoast-seo-wordpress\/ -->\n<title>Contact : vous cherchez \u00e0 contacter Charente Tournages ?<\/title>\n<meta name=\"description\" content=\"D\u00e9couvrez ici toutes les informations de contact n\u00e9cessaires pour entrer en communication avec notre \u00e9quipe...\" \/>\n<meta name=\"robots\" content=\"index, follow, max-snippet:-1, max-image-preview:large, max-video-preview:-1\" \/>\n<link rel=\"canonical\" href=\"https:\/\/www.charente-tournages.com\/fr\/contact\/\" \/>\n<meta property=\"og:locale\" content=\"fr_FR\" \/>\n<meta property=\"og:type\" content=\"article\" \/>\n<meta property=\"og:title\" content=\"Contact : vous cherchez \u00e0 contacter Charente Tournages ?\" \/>\n<meta property=\"og:description\" content=\"D\u00e9couvrez ici toutes les informations de contact n\u00e9cessaires pour entrer en communication avec notre \u00e9quipe...\" \/>\n<meta property=\"og:url\" content=\"https:\/\/www.charente-tournages.com\/fr\/contact\/\" \/>\n<meta property=\"og:site_name\" content=\"Charente Tournages\" \/>\n<meta property=\"article:modified_time\" content=\"2025-07-28T13:18:14+00:00\" \/>\n<meta name=\"twitter:card\" content=\"summary_large_image\" \/>\n<meta name=\"twitter:label1\" content=\"Dur\u00e9e de lecture estim\u00e9e\" \/>\n\t<meta name=\"twitter:data1\" content=\"1 minute\" \/>\n<script type=\"application\/ld+json\" class=\"yoast-schema-graph\">{\"@context\":\"https:\\\/\\\/schema.org\",\"@graph\":[{\"@type\":\"WebPage\",\"@id\":\"https:\\\/\\\/www.charente-tournages.com\\\/fr\\\/contact\\\/\",\"url\":\"https:\\\/\\\/www.charente-tournages.com\\\/fr\\\/contact\\\/\",\"name\":\"Contact : vous cherchez \u00e0 contacter Charente Tournages ?\",\"isPartOf\":{\"@id\":\"https:\\\/\\\/www.charente-tournages.com\\\/fr\\\/#website\"},\"datePublished\":\"2023-09-12T06:47:46+00:00\",\"dateModified\":\"2025-07-28T13:18:14+00:00\",\"description\":\"D\u00e9couvrez ici toutes les informations de contact n\u00e9cessaires pour entrer en communication avec notre \u00e9quipe...\",\"breadcrumb\":{\"@id\":\"https:\\\/\\\/www.charente-tournages.com\\\/fr\\\/contact\\\/#breadcrumb\"},\"inLanguage\":\"fr-FR\",\"potentialAction\":[{\"@type\":\"ReadAction\",\"target\":[\"https:\\\/\\\/www.charente-tournages.com\\\/fr\\\/contact\\\/\"]}]},{\"@type\":\"BreadcrumbList\",\"@id\":\"https:\\\/\\\/www.charente-tournages.com\\\/fr\\\/contact\\\/#breadcrumb\",\"itemListElement\":[{\"@type\":\"ListItem\",\"position\":1,\"name\":\"Accueil\",\"item\":\"https:\\\/\\\/www.charente-tournages.com\\\/fr\\\/\"},{\"@type\":\"ListItem\",\"position\":2,\"name\":\"Contact\"}]},{\"@type\":\"WebSite\",\"@id\":\"https:\\\/\\\/www.charente-tournages.com\\\/fr\\\/#website\",\"url\":\"https:\\\/\\\/www.charente-tournages.com\\\/fr\\\/\",\"name\":\"Charente Tournages\",\"description\":\"Venez prendre la lumi\u00e8re en Charente\",\"potentialAction\":[{\"@type\":\"SearchAction\",\"target\":{\"@type\":\"EntryPoint\",\"urlTemplate\":\"https:\\\/\\\/www.charente-tournages.com\\\/fr\\\/?s={search_term_string}\"},\"query-input\":{\"@type\":\"PropertyValueSpecification\",\"valueRequired\":true,\"valueName\":\"search_term_string\"}}],\"inLanguage\":\"fr-FR\"}]}<\/script>\n<!-- \/ Yoast SEO plugin. -->","yoast_head_json":{"title":"Contact : vous cherchez \u00e0 contacter Charente Tournages ?","description":"D\u00e9couvrez ici toutes les informations de contact n\u00e9cessaires pour entrer en communication avec notre \u00e9quipe...","robots":{"index":"index","follow":"follow","max-snippet":"max-snippet:-1","max-image-preview":"max-image-preview:large","max-video-preview":"max-video-preview:-1"},"canonical":"https:\/\/www.charente-tournages.com\/fr\/contact\/","og_locale":"fr_FR","og_type":"article","og_title":"Contact : vous cherchez \u00e0 contacter Charente Tournages ?","og_description":"D\u00e9couvrez ici toutes les informations de contact n\u00e9cessaires pour entrer en communication avec notre \u00e9quipe...","og_url":"https:\/\/www.charente-tournages.com\/fr\/contact\/","og_site_name":"Charente Tournages","article_modified_time":"2025-07-28T13:18:14+00:00","twitter_card":"summary_large_image","twitter_misc":{"Dur\u00e9e de lecture estim\u00e9e":"1 minute"},"schema":{"@context":"https:\/\/schema.org","@graph":[{"@type":"WebPage","@id":"https:\/\/www.charente-tournages.com\/fr\/contact\/","url":"https:\/\/www.charente-tournages.com\/fr\/contact\/","name":"Contact : vous cherchez \u00e0 contacter Charente Tournages ?","isPartOf":{"@id":"https:\/\/www.charente-tournages.com\/fr\/#website"},"datePublished":"2023-09-12T06:47:46+00:00","dateModified":"2025-07-28T13:18:14+00:00","description":"D\u00e9couvrez ici toutes les informations de contact n\u00e9cessaires pour entrer en communication avec notre \u00e9quipe...","breadcrumb":{"@id":"https:\/\/www.charente-tournages.com\/fr\/contact\/#breadcrumb"},"inLanguage":"fr-FR","potentialAction":[{"@type":"ReadAction","target":["https:\/\/www.charente-tournages.com\/fr\/contact\/"]}]},{"@type":"BreadcrumbList","@id":"https:\/\/www.charente-tournages.com\/fr\/contact\/#breadcrumb","itemListElement":[{"@type":"ListItem","position":1,"name":"Accueil","item":"https:\/\/www.charente-tournages.com\/fr\/"},{"@type":"ListItem","position":2,"name":"Contact"}]},{"@type":"WebSite","@id":"https:\/\/www.charente-tournages.com\/fr\/#website","url":"https:\/\/www.charente-tournages.com\/fr\/","name":"Charente Tournages","description":"Venez prendre la lumi\u00e8re en Charente","potentialAction":[{"@type":"SearchAction","target":{"@type":"EntryPoint","urlTemplate":"https:\/\/www.charente-tournages.com\/fr\/?s={search_term_string}"},"query-input":{"@type":"PropertyValueSpecification","valueRequired":true,"valueName":"search_term_string"}}],"inLanguage":"fr-FR"}]}},"_links":{"self":[{"href":"https:\/\/www.charente-tournages.com\/fr\/wp-json\/wp\/v2\/pages\/186","targetHints":{"allow":["GET"]}}],"collection":[{"href":"https:\/\/www.charente-tournages.com\/fr\/wp-json\/wp\/v2\/pages"}],"about":[{"href":"https:\/\/www.charente-tournages.com\/fr\/wp-json\/wp\/v2\/types\/page"}],"author":[{"embeddable":true,"href":"https:\/\/www.charente-tournages.com\/fr\/wp-json\/wp\/v2\/users\/1"}],"replies":[{"embeddable":true,"href":"https:\/\/www.charente-tournages.com\/fr\/wp-json\/wp\/v2\/comments?post=186"}],"version-history":[{"count":14,"href":"https:\/\/www.charente-tournages.com\/fr\/wp-json\/wp\/v2\/pages\/186\/revisions"}],"predecessor-version":[{"id":2978,"href":"https:\/\/www.charente-tournages.com\/fr\/wp-json\/wp\/v2\/pages\/186\/revisions\/2978"}],"wp:attachment":[{"href":"https:\/\/www.charente-tournages.com\/fr\/wp-json\/wp\/v2\/media?parent=186"}],"curies":[{"name":"wp","href":"https:\/\/api.w.org\/{rel}","templated":true}]}}