{"id":89,"date":"2023-09-07T16:57:15","date_gmt":"2023-09-07T14:57:15","guid":{"rendered":"https:\/\/www.charente-tournages.fr\/?page_id=89"},"modified":"2023-12-12T10:02:03","modified_gmt":"2023-12-12T09:02:03","slug":"lumiere","status":"publish","type":"page","link":"http:\/\/www.charente-tournages.com\/fr\/lumiere\/","title":{"rendered":"Lumi\u00e8re"},"content":{"rendered":"","protected":false},"excerpt":{"rendered":"","protected":false},"author":1,"featured_media":0,"parent":0,"menu_order":0,"comment_status":"closed","ping_status":"closed","template":"page-lumiere.php","meta":{"_acf_changed":false,"footnotes":""},"class_list":["post-89","page","type-page","status-publish","hentry"],"acf":[],"yoast_head":"<!-- This site is optimized with the Yoast SEO plugin v27.4 - https:\/\/yoast.com\/product\/yoast-seo-wordpress\/ -->\n<title>Lumi\u00e8re I Terre de tournages, la Charente offre une infinit\u00e9 d\u2019atouts<\/title>\n<meta name=\"description\" content=\"Lumi\u00e8re : Terre de tournages, la Charente offre une infinit\u00e9 d\u2019atouts gr\u00e2ce \u00e0 ses magnifiques d\u00e9cors, \u00e0 la qualit\u00e9 de ses professionnels...\" \/>\n<meta name=\"robots\" content=\"index, follow, max-snippet:-1, max-image-preview:large, max-video-preview:-1\" \/>\n<link rel=\"canonical\" href=\"https:\/\/www.charente-tournages.com\/fr\/lumiere\/\" \/>\n<meta property=\"og:locale\" content=\"fr_FR\" \/>\n<meta property=\"og:type\" content=\"article\" \/>\n<meta property=\"og:title\" content=\"Lumi\u00e8re I Terre de tournages, la Charente offre une infinit\u00e9 d\u2019atouts\" \/>\n<meta property=\"og:description\" content=\"Lumi\u00e8re : Terre de tournages, la Charente offre une infinit\u00e9 d\u2019atouts gr\u00e2ce \u00e0 ses magnifiques d\u00e9cors, \u00e0 la qualit\u00e9 de ses professionnels...\" \/>\n<meta property=\"og:url\" content=\"https:\/\/www.charente-tournages.com\/fr\/lumiere\/\" \/>\n<meta property=\"og:site_name\" content=\"Charente Tournages\" \/>\n<meta property=\"article:modified_time\" content=\"2023-12-12T09:02:03+00:00\" \/>\n<meta name=\"twitter:card\" content=\"summary_large_image\" \/>\n<script type=\"application\/ld+json\" class=\"yoast-schema-graph\">{\"@context\":\"https:\\\/\\\/schema.org\",\"@graph\":[{\"@type\":\"WebPage\",\"@id\":\"https:\\\/\\\/www.charente-tournages.com\\\/fr\\\/lumiere\\\/\",\"url\":\"https:\\\/\\\/www.charente-tournages.com\\\/fr\\\/lumiere\\\/\",\"name\":\"Lumi\u00e8re I Terre de tournages, la Charente offre une infinit\u00e9 d\u2019atouts\",\"isPartOf\":{\"@id\":\"https:\\\/\\\/www.charente-tournages.com\\\/fr\\\/#website\"},\"datePublished\":\"2023-09-07T14:57:15+00:00\",\"dateModified\":\"2023-12-12T09:02:03+00:00\",\"description\":\"Lumi\u00e8re : Terre de tournages, la Charente offre une infinit\u00e9 d\u2019atouts gr\u00e2ce \u00e0 ses magnifiques d\u00e9cors, \u00e0 la qualit\u00e9 de ses professionnels...\",\"breadcrumb\":{\"@id\":\"https:\\\/\\\/www.charente-tournages.com\\\/fr\\\/lumiere\\\/#breadcrumb\"},\"inLanguage\":\"fr-FR\",\"potentialAction\":[{\"@type\":\"ReadAction\",\"target\":[\"https:\\\/\\\/www.charente-tournages.com\\\/fr\\\/lumiere\\\/\"]}]},{\"@type\":\"BreadcrumbList\",\"@id\":\"https:\\\/\\\/www.charente-tournages.com\\\/fr\\\/lumiere\\\/#breadcrumb\",\"itemListElement\":[{\"@type\":\"ListItem\",\"position\":1,\"name\":\"Accueil\",\"item\":\"https:\\\/\\\/www.charente-tournages.com\\\/fr\\\/\"},{\"@type\":\"ListItem\",\"position\":2,\"name\":\"Lumi\u00e8re\"}]},{\"@type\":\"WebSite\",\"@id\":\"https:\\\/\\\/www.charente-tournages.com\\\/fr\\\/#website\",\"url\":\"https:\\\/\\\/www.charente-tournages.com\\\/fr\\\/\",\"name\":\"Charente Tournages\",\"description\":\"Venez prendre la lumi\u00e8re en Charente\",\"potentialAction\":[{\"@type\":\"SearchAction\",\"target\":{\"@type\":\"EntryPoint\",\"urlTemplate\":\"https:\\\/\\\/www.charente-tournages.com\\\/fr\\\/?s={search_term_string}\"},\"query-input\":{\"@type\":\"PropertyValueSpecification\",\"valueRequired\":true,\"valueName\":\"search_term_string\"}}],\"inLanguage\":\"fr-FR\"}]}<\/script>\n<!-- \/ Yoast SEO plugin. -->","yoast_head_json":{"title":"Lumi\u00e8re I Terre de tournages, la Charente offre une infinit\u00e9 d\u2019atouts","description":"Lumi\u00e8re : Terre de tournages, la Charente offre une infinit\u00e9 d\u2019atouts gr\u00e2ce \u00e0 ses magnifiques d\u00e9cors, \u00e0 la qualit\u00e9 de ses professionnels...","robots":{"index":"index","follow":"follow","max-snippet":"max-snippet:-1","max-image-preview":"max-image-preview:large","max-video-preview":"max-video-preview:-1"},"canonical":"https:\/\/www.charente-tournages.com\/fr\/lumiere\/","og_locale":"fr_FR","og_type":"article","og_title":"Lumi\u00e8re I Terre de tournages, la Charente offre une infinit\u00e9 d\u2019atouts","og_description":"Lumi\u00e8re : Terre de tournages, la Charente offre une infinit\u00e9 d\u2019atouts gr\u00e2ce \u00e0 ses magnifiques d\u00e9cors, \u00e0 la qualit\u00e9 de ses professionnels...","og_url":"https:\/\/www.charente-tournages.com\/fr\/lumiere\/","og_site_name":"Charente Tournages","article_modified_time":"2023-12-12T09:02:03+00:00","twitter_card":"summary_large_image","schema":{"@context":"https:\/\/schema.org","@graph":[{"@type":"WebPage","@id":"https:\/\/www.charente-tournages.com\/fr\/lumiere\/","url":"https:\/\/www.charente-tournages.com\/fr\/lumiere\/","name":"Lumi\u00e8re I Terre de tournages, la Charente offre une infinit\u00e9 d\u2019atouts","isPartOf":{"@id":"https:\/\/www.charente-tournages.com\/fr\/#website"},"datePublished":"2023-09-07T14:57:15+00:00","dateModified":"2023-12-12T09:02:03+00:00","description":"Lumi\u00e8re : Terre de tournages, la Charente offre une infinit\u00e9 d\u2019atouts gr\u00e2ce \u00e0 ses magnifiques d\u00e9cors, \u00e0 la qualit\u00e9 de ses professionnels...","breadcrumb":{"@id":"https:\/\/www.charente-tournages.com\/fr\/lumiere\/#breadcrumb"},"inLanguage":"fr-FR","potentialAction":[{"@type":"ReadAction","target":["https:\/\/www.charente-tournages.com\/fr\/lumiere\/"]}]},{"@type":"BreadcrumbList","@id":"https:\/\/www.charente-tournages.com\/fr\/lumiere\/#breadcrumb","itemListElement":[{"@type":"ListItem","position":1,"name":"Accueil","item":"https:\/\/www.charente-tournages.com\/fr\/"},{"@type":"ListItem","position":2,"name":"Lumi\u00e8re"}]},{"@type":"WebSite","@id":"https:\/\/www.charente-tournages.com\/fr\/#website","url":"https:\/\/www.charente-tournages.com\/fr\/","name":"Charente Tournages","description":"Venez prendre la lumi\u00e8re en Charente","potentialAction":[{"@type":"SearchAction","target":{"@type":"EntryPoint","urlTemplate":"https:\/\/www.charente-tournages.com\/fr\/?s={search_term_string}"},"query-input":{"@type":"PropertyValueSpecification","valueRequired":true,"valueName":"search_term_string"}}],"inLanguage":"fr-FR"}]}},"_links":{"self":[{"href":"http:\/\/www.charente-tournages.com\/fr\/wp-json\/wp\/v2\/pages\/89","targetHints":{"allow":["GET"]}}],"collection":[{"href":"http:\/\/www.charente-tournages.com\/fr\/wp-json\/wp\/v2\/pages"}],"about":[{"href":"http:\/\/www.charente-tournages.com\/fr\/wp-json\/wp\/v2\/types\/page"}],"author":[{"embeddable":true,"href":"http:\/\/www.charente-tournages.com\/fr\/wp-json\/wp\/v2\/users\/1"}],"replies":[{"embeddable":true,"href":"http:\/\/www.charente-tournages.com\/fr\/wp-json\/wp\/v2\/comments?post=89"}],"version-history":[{"count":13,"href":"http:\/\/www.charente-tournages.com\/fr\/wp-json\/wp\/v2\/pages\/89\/revisions"}],"predecessor-version":[{"id":1122,"href":"http:\/\/www.charente-tournages.com\/fr\/wp-json\/wp\/v2\/pages\/89\/revisions\/1122"}],"wp:attachment":[{"href":"http:\/\/www.charente-tournages.com\/fr\/wp-json\/wp\/v2\/media?parent=89"}],"curies":[{"name":"wp","href":"https:\/\/api.w.org\/{rel}","templated":true}]}}