{"id":575,"date":"2023-09-21T17:26:30","date_gmt":"2023-09-21T15:26:30","guid":{"rendered":"https:\/\/www.charente-tournages.com\/?page_id=575"},"modified":"2023-12-12T10:16:39","modified_gmt":"2023-12-12T09:16:39","slug":"guides-pratiques","status":"publish","type":"page","link":"http:\/\/www.charente-tournages.com\/fr\/moteur\/guides-pratiques\/","title":{"rendered":"Guides pratiques"},"content":{"rendered":"","protected":false},"excerpt":{"rendered":"","protected":false},"author":4,"featured_media":0,"parent":102,"menu_order":0,"comment_status":"closed","ping_status":"closed","template":"template-templateB.php","meta":{"_acf_changed":false,"footnotes":""},"class_list":["post-575","page","type-page","status-publish","hentry"],"acf":[],"yoast_head":"<!-- This site is optimized with the Yoast SEO plugin v27.5 - https:\/\/yoast.com\/product\/yoast-seo-wordpress\/ -->\n<title>Guides pratiques I Section d\u00e9di\u00e9e aux guides pratiques<\/title>\n<meta name=\"description\" content=\"Cette section d\u00e9di\u00e9e aux guides pratiques, vous retrouverez toutes les informations essentielles et les conseils pr\u00e9cieux...\" \/>\n<meta name=\"robots\" content=\"index, follow, max-snippet:-1, max-image-preview:large, max-video-preview:-1\" \/>\n<link rel=\"canonical\" href=\"https:\/\/www.charente-tournages.com\/fr\/moteur\/guides-pratiques\/\" \/>\n<meta property=\"og:locale\" content=\"fr_FR\" \/>\n<meta property=\"og:type\" content=\"article\" \/>\n<meta property=\"og:title\" content=\"Guides pratiques I Section d\u00e9di\u00e9e aux guides pratiques\" \/>\n<meta property=\"og:description\" content=\"Cette section d\u00e9di\u00e9e aux guides pratiques, vous retrouverez toutes les informations essentielles et les conseils pr\u00e9cieux...\" \/>\n<meta property=\"og:url\" content=\"https:\/\/www.charente-tournages.com\/fr\/moteur\/guides-pratiques\/\" \/>\n<meta property=\"og:site_name\" content=\"Charente Tournages\" \/>\n<meta property=\"article:modified_time\" content=\"2023-12-12T09:16:39+00:00\" \/>\n<meta name=\"twitter:card\" content=\"summary_large_image\" \/>\n<script type=\"application\/ld+json\" class=\"yoast-schema-graph\">{\"@context\":\"https:\\\/\\\/schema.org\",\"@graph\":[{\"@type\":\"WebPage\",\"@id\":\"https:\\\/\\\/www.charente-tournages.com\\\/fr\\\/moteur\\\/guides-pratiques\\\/\",\"url\":\"https:\\\/\\\/www.charente-tournages.com\\\/fr\\\/moteur\\\/guides-pratiques\\\/\",\"name\":\"Guides pratiques I Section d\u00e9di\u00e9e aux guides pratiques\",\"isPartOf\":{\"@id\":\"https:\\\/\\\/www.charente-tournages.com\\\/fr\\\/#website\"},\"datePublished\":\"2023-09-21T15:26:30+00:00\",\"dateModified\":\"2023-12-12T09:16:39+00:00\",\"description\":\"Cette section d\u00e9di\u00e9e aux guides pratiques, vous retrouverez toutes les informations essentielles et les conseils pr\u00e9cieux...\",\"breadcrumb\":{\"@id\":\"https:\\\/\\\/www.charente-tournages.com\\\/fr\\\/moteur\\\/guides-pratiques\\\/#breadcrumb\"},\"inLanguage\":\"fr-FR\",\"potentialAction\":[{\"@type\":\"ReadAction\",\"target\":[\"https:\\\/\\\/www.charente-tournages.com\\\/fr\\\/moteur\\\/guides-pratiques\\\/\"]}]},{\"@type\":\"BreadcrumbList\",\"@id\":\"https:\\\/\\\/www.charente-tournages.com\\\/fr\\\/moteur\\\/guides-pratiques\\\/#breadcrumb\",\"itemListElement\":[{\"@type\":\"ListItem\",\"position\":1,\"name\":\"Accueil\",\"item\":\"https:\\\/\\\/www.charente-tournages.com\\\/fr\\\/\"},{\"@type\":\"ListItem\",\"position\":2,\"name\":\"Moteur\",\"item\":\"http:\\\/\\\/www.charente-tournages.com\\\/fr\\\/moteur\\\/\"},{\"@type\":\"ListItem\",\"position\":3,\"name\":\"Guides pratiques\"}]},{\"@type\":\"WebSite\",\"@id\":\"https:\\\/\\\/www.charente-tournages.com\\\/fr\\\/#website\",\"url\":\"https:\\\/\\\/www.charente-tournages.com\\\/fr\\\/\",\"name\":\"Charente Tournages\",\"description\":\"Venez prendre la lumi\u00e8re en Charente\",\"potentialAction\":[{\"@type\":\"SearchAction\",\"target\":{\"@type\":\"EntryPoint\",\"urlTemplate\":\"https:\\\/\\\/www.charente-tournages.com\\\/fr\\\/?s={search_term_string}\"},\"query-input\":{\"@type\":\"PropertyValueSpecification\",\"valueRequired\":true,\"valueName\":\"search_term_string\"}}],\"inLanguage\":\"fr-FR\"}]}<\/script>\n<!-- \/ Yoast SEO plugin. -->","yoast_head_json":{"title":"Guides pratiques I Section d\u00e9di\u00e9e aux guides pratiques","description":"Cette section d\u00e9di\u00e9e aux guides pratiques, vous retrouverez toutes les informations essentielles et les conseils pr\u00e9cieux...","robots":{"index":"index","follow":"follow","max-snippet":"max-snippet:-1","max-image-preview":"max-image-preview:large","max-video-preview":"max-video-preview:-1"},"canonical":"https:\/\/www.charente-tournages.com\/fr\/moteur\/guides-pratiques\/","og_locale":"fr_FR","og_type":"article","og_title":"Guides pratiques I Section d\u00e9di\u00e9e aux guides pratiques","og_description":"Cette section d\u00e9di\u00e9e aux guides pratiques, vous retrouverez toutes les informations essentielles et les conseils pr\u00e9cieux...","og_url":"https:\/\/www.charente-tournages.com\/fr\/moteur\/guides-pratiques\/","og_site_name":"Charente Tournages","article_modified_time":"2023-12-12T09:16:39+00:00","twitter_card":"summary_large_image","schema":{"@context":"https:\/\/schema.org","@graph":[{"@type":"WebPage","@id":"https:\/\/www.charente-tournages.com\/fr\/moteur\/guides-pratiques\/","url":"https:\/\/www.charente-tournages.com\/fr\/moteur\/guides-pratiques\/","name":"Guides pratiques I Section d\u00e9di\u00e9e aux guides pratiques","isPartOf":{"@id":"https:\/\/www.charente-tournages.com\/fr\/#website"},"datePublished":"2023-09-21T15:26:30+00:00","dateModified":"2023-12-12T09:16:39+00:00","description":"Cette section d\u00e9di\u00e9e aux guides pratiques, vous retrouverez toutes les informations essentielles et les conseils pr\u00e9cieux...","breadcrumb":{"@id":"https:\/\/www.charente-tournages.com\/fr\/moteur\/guides-pratiques\/#breadcrumb"},"inLanguage":"fr-FR","potentialAction":[{"@type":"ReadAction","target":["https:\/\/www.charente-tournages.com\/fr\/moteur\/guides-pratiques\/"]}]},{"@type":"BreadcrumbList","@id":"https:\/\/www.charente-tournages.com\/fr\/moteur\/guides-pratiques\/#breadcrumb","itemListElement":[{"@type":"ListItem","position":1,"name":"Accueil","item":"https:\/\/www.charente-tournages.com\/fr\/"},{"@type":"ListItem","position":2,"name":"Moteur","item":"http:\/\/www.charente-tournages.com\/fr\/moteur\/"},{"@type":"ListItem","position":3,"name":"Guides pratiques"}]},{"@type":"WebSite","@id":"https:\/\/www.charente-tournages.com\/fr\/#website","url":"https:\/\/www.charente-tournages.com\/fr\/","name":"Charente Tournages","description":"Venez prendre la lumi\u00e8re en Charente","potentialAction":[{"@type":"SearchAction","target":{"@type":"EntryPoint","urlTemplate":"https:\/\/www.charente-tournages.com\/fr\/?s={search_term_string}"},"query-input":{"@type":"PropertyValueSpecification","valueRequired":true,"valueName":"search_term_string"}}],"inLanguage":"fr-FR"}]}},"_links":{"self":[{"href":"http:\/\/www.charente-tournages.com\/fr\/wp-json\/wp\/v2\/pages\/575","targetHints":{"allow":["GET"]}}],"collection":[{"href":"http:\/\/www.charente-tournages.com\/fr\/wp-json\/wp\/v2\/pages"}],"about":[{"href":"http:\/\/www.charente-tournages.com\/fr\/wp-json\/wp\/v2\/types\/page"}],"author":[{"embeddable":true,"href":"http:\/\/www.charente-tournages.com\/fr\/wp-json\/wp\/v2\/users\/4"}],"replies":[{"embeddable":true,"href":"http:\/\/www.charente-tournages.com\/fr\/wp-json\/wp\/v2\/comments?post=575"}],"version-history":[{"count":20,"href":"http:\/\/www.charente-tournages.com\/fr\/wp-json\/wp\/v2\/pages\/575\/revisions"}],"predecessor-version":[{"id":1130,"href":"http:\/\/www.charente-tournages.com\/fr\/wp-json\/wp\/v2\/pages\/575\/revisions\/1130"}],"up":[{"embeddable":true,"href":"http:\/\/www.charente-tournages.com\/fr\/wp-json\/wp\/v2\/pages\/102"}],"wp:attachment":[{"href":"http:\/\/www.charente-tournages.com\/fr\/wp-json\/wp\/v2\/media?parent=575"}],"curies":[{"name":"wp","href":"https:\/\/api.w.org\/{rel}","templated":true}]}}