{"id":535,"date":"2023-09-21T11:34:49","date_gmt":"2023-09-21T09:34:49","guid":{"rendered":"https:\/\/www.charente-tournages.com\/?page_id=535"},"modified":"2024-09-04T14:51:01","modified_gmt":"2024-09-04T12:51:01","slug":"deposer-son-cv","status":"publish","type":"page","link":"http:\/\/www.charente-tournages.com\/fr\/moteur\/deposer-son-cv\/","title":{"rendered":"D\u00e9poser son CV"},"content":{"rendered":"","protected":false},"excerpt":{"rendered":"","protected":false},"author":4,"featured_media":0,"parent":102,"menu_order":0,"comment_status":"closed","ping_status":"closed","template":"template-templayeC.php","meta":{"_acf_changed":false,"footnotes":""},"class_list":["post-535","page","type-page","status-publish","hentry"],"acf":[],"yoast_head":"<!-- This site is optimized with the Yoast SEO plugin v27.4 - https:\/\/yoast.com\/product\/yoast-seo-wordpress\/ -->\n<title>D\u00e9poser son CV I D\u00e9posez votre CV et boostez votre carri\u00e8re<\/title>\n<meta name=\"description\" content=\"D\u00e9poser son CV : optimisez votre recherche d&#039;emploi en d\u00e9posant votre CV, mettez en avant vos comp\u00e9tences et exp\u00e9riences professionnelles...\" \/>\n<meta name=\"robots\" content=\"index, follow, max-snippet:-1, max-image-preview:large, max-video-preview:-1\" \/>\n<link rel=\"canonical\" href=\"http:\/\/www.charente-tournages.com\/fr\/moteur\/deposer-son-cv\/\" \/>\n<meta property=\"og:locale\" content=\"fr_FR\" \/>\n<meta property=\"og:type\" content=\"article\" \/>\n<meta property=\"og:title\" content=\"D\u00e9poser son CV I D\u00e9posez votre CV et boostez votre carri\u00e8re\" \/>\n<meta property=\"og:description\" content=\"D\u00e9poser son CV : optimisez votre recherche d&#039;emploi en d\u00e9posant votre CV, mettez en avant vos comp\u00e9tences et exp\u00e9riences professionnelles...\" \/>\n<meta property=\"og:url\" content=\"http:\/\/www.charente-tournages.com\/fr\/moteur\/deposer-son-cv\/\" \/>\n<meta property=\"og:site_name\" content=\"Charente Tournages\" \/>\n<meta property=\"article:modified_time\" content=\"2024-09-04T12:51:01+00:00\" \/>\n<meta name=\"twitter:card\" content=\"summary_large_image\" \/>\n<meta name=\"twitter:label1\" content=\"Dur\u00e9e de lecture estim\u00e9e\" \/>\n\t<meta name=\"twitter:data1\" content=\"1 minute\" \/>\n<script type=\"application\/ld+json\" class=\"yoast-schema-graph\">{\"@context\":\"https:\\\/\\\/schema.org\",\"@graph\":[{\"@type\":\"WebPage\",\"@id\":\"http:\\\/\\\/www.charente-tournages.com\\\/fr\\\/moteur\\\/deposer-son-cv\\\/\",\"url\":\"http:\\\/\\\/www.charente-tournages.com\\\/fr\\\/moteur\\\/deposer-son-cv\\\/\",\"name\":\"D\u00e9poser son CV I D\u00e9posez votre CV et boostez votre carri\u00e8re\",\"isPartOf\":{\"@id\":\"https:\\\/\\\/www.charente-tournages.com\\\/fr\\\/#website\"},\"datePublished\":\"2023-09-21T09:34:49+00:00\",\"dateModified\":\"2024-09-04T12:51:01+00:00\",\"description\":\"D\u00e9poser son CV : optimisez votre recherche d'emploi en d\u00e9posant votre CV, mettez en avant vos comp\u00e9tences et exp\u00e9riences professionnelles...\",\"breadcrumb\":{\"@id\":\"http:\\\/\\\/www.charente-tournages.com\\\/fr\\\/moteur\\\/deposer-son-cv\\\/#breadcrumb\"},\"inLanguage\":\"fr-FR\",\"potentialAction\":[{\"@type\":\"ReadAction\",\"target\":[\"http:\\\/\\\/www.charente-tournages.com\\\/fr\\\/moteur\\\/deposer-son-cv\\\/\"]}]},{\"@type\":\"BreadcrumbList\",\"@id\":\"http:\\\/\\\/www.charente-tournages.com\\\/fr\\\/moteur\\\/deposer-son-cv\\\/#breadcrumb\",\"itemListElement\":[{\"@type\":\"ListItem\",\"position\":1,\"name\":\"Accueil\",\"item\":\"https:\\\/\\\/www.charente-tournages.com\\\/fr\\\/\"},{\"@type\":\"ListItem\",\"position\":2,\"name\":\"Moteur\",\"item\":\"http:\\\/\\\/www.charente-tournages.com\\\/fr\\\/moteur\\\/\"},{\"@type\":\"ListItem\",\"position\":3,\"name\":\"D\u00e9poser son CV\"}]},{\"@type\":\"WebSite\",\"@id\":\"https:\\\/\\\/www.charente-tournages.com\\\/fr\\\/#website\",\"url\":\"https:\\\/\\\/www.charente-tournages.com\\\/fr\\\/\",\"name\":\"Charente Tournages\",\"description\":\"Venez prendre la lumi\u00e8re en Charente\",\"potentialAction\":[{\"@type\":\"SearchAction\",\"target\":{\"@type\":\"EntryPoint\",\"urlTemplate\":\"https:\\\/\\\/www.charente-tournages.com\\\/fr\\\/?s={search_term_string}\"},\"query-input\":{\"@type\":\"PropertyValueSpecification\",\"valueRequired\":true,\"valueName\":\"search_term_string\"}}],\"inLanguage\":\"fr-FR\"}]}<\/script>\n<!-- \/ Yoast SEO plugin. -->","yoast_head_json":{"title":"D\u00e9poser son CV I D\u00e9posez votre CV et boostez votre carri\u00e8re","description":"D\u00e9poser son CV : optimisez votre recherche d'emploi en d\u00e9posant votre CV, mettez en avant vos comp\u00e9tences et exp\u00e9riences professionnelles...","robots":{"index":"index","follow":"follow","max-snippet":"max-snippet:-1","max-image-preview":"max-image-preview:large","max-video-preview":"max-video-preview:-1"},"canonical":"http:\/\/www.charente-tournages.com\/fr\/moteur\/deposer-son-cv\/","og_locale":"fr_FR","og_type":"article","og_title":"D\u00e9poser son CV I D\u00e9posez votre CV et boostez votre carri\u00e8re","og_description":"D\u00e9poser son CV : optimisez votre recherche d'emploi en d\u00e9posant votre CV, mettez en avant vos comp\u00e9tences et exp\u00e9riences professionnelles...","og_url":"http:\/\/www.charente-tournages.com\/fr\/moteur\/deposer-son-cv\/","og_site_name":"Charente Tournages","article_modified_time":"2024-09-04T12:51:01+00:00","twitter_card":"summary_large_image","twitter_misc":{"Dur\u00e9e de lecture estim\u00e9e":"1 minute"},"schema":{"@context":"https:\/\/schema.org","@graph":[{"@type":"WebPage","@id":"http:\/\/www.charente-tournages.com\/fr\/moteur\/deposer-son-cv\/","url":"http:\/\/www.charente-tournages.com\/fr\/moteur\/deposer-son-cv\/","name":"D\u00e9poser son CV I D\u00e9posez votre CV et boostez votre carri\u00e8re","isPartOf":{"@id":"https:\/\/www.charente-tournages.com\/fr\/#website"},"datePublished":"2023-09-21T09:34:49+00:00","dateModified":"2024-09-04T12:51:01+00:00","description":"D\u00e9poser son CV : optimisez votre recherche d'emploi en d\u00e9posant votre CV, mettez en avant vos comp\u00e9tences et exp\u00e9riences professionnelles...","breadcrumb":{"@id":"http:\/\/www.charente-tournages.com\/fr\/moteur\/deposer-son-cv\/#breadcrumb"},"inLanguage":"fr-FR","potentialAction":[{"@type":"ReadAction","target":["http:\/\/www.charente-tournages.com\/fr\/moteur\/deposer-son-cv\/"]}]},{"@type":"BreadcrumbList","@id":"http:\/\/www.charente-tournages.com\/fr\/moteur\/deposer-son-cv\/#breadcrumb","itemListElement":[{"@type":"ListItem","position":1,"name":"Accueil","item":"https:\/\/www.charente-tournages.com\/fr\/"},{"@type":"ListItem","position":2,"name":"Moteur","item":"http:\/\/www.charente-tournages.com\/fr\/moteur\/"},{"@type":"ListItem","position":3,"name":"D\u00e9poser son CV"}]},{"@type":"WebSite","@id":"https:\/\/www.charente-tournages.com\/fr\/#website","url":"https:\/\/www.charente-tournages.com\/fr\/","name":"Charente Tournages","description":"Venez prendre la lumi\u00e8re en Charente","potentialAction":[{"@type":"SearchAction","target":{"@type":"EntryPoint","urlTemplate":"https:\/\/www.charente-tournages.com\/fr\/?s={search_term_string}"},"query-input":{"@type":"PropertyValueSpecification","valueRequired":true,"valueName":"search_term_string"}}],"inLanguage":"fr-FR"}]}},"_links":{"self":[{"href":"http:\/\/www.charente-tournages.com\/fr\/wp-json\/wp\/v2\/pages\/535","targetHints":{"allow":["GET"]}}],"collection":[{"href":"http:\/\/www.charente-tournages.com\/fr\/wp-json\/wp\/v2\/pages"}],"about":[{"href":"http:\/\/www.charente-tournages.com\/fr\/wp-json\/wp\/v2\/types\/page"}],"author":[{"embeddable":true,"href":"http:\/\/www.charente-tournages.com\/fr\/wp-json\/wp\/v2\/users\/4"}],"replies":[{"embeddable":true,"href":"http:\/\/www.charente-tournages.com\/fr\/wp-json\/wp\/v2\/comments?post=535"}],"version-history":[{"count":13,"href":"http:\/\/www.charente-tournages.com\/fr\/wp-json\/wp\/v2\/pages\/535\/revisions"}],"predecessor-version":[{"id":1525,"href":"http:\/\/www.charente-tournages.com\/fr\/wp-json\/wp\/v2\/pages\/535\/revisions\/1525"}],"up":[{"embeddable":true,"href":"http:\/\/www.charente-tournages.com\/fr\/wp-json\/wp\/v2\/pages\/102"}],"wp:attachment":[{"href":"http:\/\/www.charente-tournages.com\/fr\/wp-json\/wp\/v2\/media?parent=535"}],"curies":[{"name":"wp","href":"https:\/\/api.w.org\/{rel}","templated":true}]}}