{"id":529,"date":"2023-09-21T11:19:18","date_gmt":"2023-09-21T09:19:18","guid":{"rendered":"https:\/\/www.charente-tournages.com\/?page_id=529"},"modified":"2023-12-12T10:21:15","modified_gmt":"2023-12-12T09:21:15","slug":"proposer-un-decor","status":"publish","type":"page","link":"http:\/\/www.charente-tournages.com\/fr\/moteur\/proposer-un-decor\/","title":{"rendered":"Proposer un d\u00e9cor"},"content":{"rendered":"","protected":false},"excerpt":{"rendered":"","protected":false},"author":4,"featured_media":0,"parent":102,"menu_order":0,"comment_status":"closed","ping_status":"closed","template":"template-templayeC.php","meta":{"_acf_changed":false,"footnotes":""},"class_list":["post-529","page","type-page","status-publish","hentry"],"acf":[],"yoast_head":"<!-- This site is optimized with the Yoast SEO plugin v27.6 - https:\/\/yoast.com\/product\/yoast-seo-wordpress\/ -->\n<title>Proposer un d\u00e9cor I Vous souhaitez d\u00e9couvrir l\u2019envers du d\u00e9cor ?<\/title>\n<meta name=\"description\" content=\"Proposer un d\u00e9cor : Proposez votre maison, votre appartement ou votre ch\u00e2teau pour un tournage d\u2019un film et vivez une exp\u00e9rience inoubliable.\" \/>\n<meta name=\"robots\" content=\"index, follow, max-snippet:-1, max-image-preview:large, max-video-preview:-1\" \/>\n<link rel=\"canonical\" href=\"https:\/\/www.charente-tournages.com\/fr\/moteur\/proposer-un-decor\/\" \/>\n<meta property=\"og:locale\" content=\"fr_FR\" \/>\n<meta property=\"og:type\" content=\"article\" \/>\n<meta property=\"og:title\" content=\"Proposer un d\u00e9cor I Vous souhaitez d\u00e9couvrir l\u2019envers du d\u00e9cor ?\" \/>\n<meta property=\"og:description\" content=\"Proposer un d\u00e9cor : Proposez votre maison, votre appartement ou votre ch\u00e2teau pour un tournage d\u2019un film et vivez une exp\u00e9rience inoubliable.\" \/>\n<meta property=\"og:url\" content=\"https:\/\/www.charente-tournages.com\/fr\/moteur\/proposer-un-decor\/\" \/>\n<meta property=\"og:site_name\" content=\"Charente Tournages\" \/>\n<meta property=\"article:modified_time\" content=\"2023-12-12T09:21:15+00:00\" \/>\n<meta name=\"twitter:card\" content=\"summary_large_image\" \/>\n<script type=\"application\/ld+json\" class=\"yoast-schema-graph\">{\"@context\":\"https:\\\/\\\/schema.org\",\"@graph\":[{\"@type\":\"WebPage\",\"@id\":\"https:\\\/\\\/www.charente-tournages.com\\\/fr\\\/moteur\\\/proposer-un-decor\\\/\",\"url\":\"https:\\\/\\\/www.charente-tournages.com\\\/fr\\\/moteur\\\/proposer-un-decor\\\/\",\"name\":\"Proposer un d\u00e9cor I Vous souhaitez d\u00e9couvrir l\u2019envers du d\u00e9cor ?\",\"isPartOf\":{\"@id\":\"https:\\\/\\\/www.charente-tournages.com\\\/fr\\\/#website\"},\"datePublished\":\"2023-09-21T09:19:18+00:00\",\"dateModified\":\"2023-12-12T09:21:15+00:00\",\"description\":\"Proposer un d\u00e9cor : Proposez votre maison, votre appartement ou votre ch\u00e2teau pour un tournage d\u2019un film et vivez une exp\u00e9rience inoubliable.\",\"breadcrumb\":{\"@id\":\"https:\\\/\\\/www.charente-tournages.com\\\/fr\\\/moteur\\\/proposer-un-decor\\\/#breadcrumb\"},\"inLanguage\":\"fr-FR\",\"potentialAction\":[{\"@type\":\"ReadAction\",\"target\":[\"https:\\\/\\\/www.charente-tournages.com\\\/fr\\\/moteur\\\/proposer-un-decor\\\/\"]}]},{\"@type\":\"BreadcrumbList\",\"@id\":\"https:\\\/\\\/www.charente-tournages.com\\\/fr\\\/moteur\\\/proposer-un-decor\\\/#breadcrumb\",\"itemListElement\":[{\"@type\":\"ListItem\",\"position\":1,\"name\":\"Accueil\",\"item\":\"https:\\\/\\\/www.charente-tournages.com\\\/fr\\\/\"},{\"@type\":\"ListItem\",\"position\":2,\"name\":\"Moteur\",\"item\":\"https:\\\/\\\/www.charente-tournages.com\\\/fr\\\/moteur\\\/\"},{\"@type\":\"ListItem\",\"position\":3,\"name\":\"Proposer un d\u00e9cor\"}]},{\"@type\":\"WebSite\",\"@id\":\"https:\\\/\\\/www.charente-tournages.com\\\/fr\\\/#website\",\"url\":\"https:\\\/\\\/www.charente-tournages.com\\\/fr\\\/\",\"name\":\"Charente Tournages\",\"description\":\"Venez prendre la lumi\u00e8re en Charente\",\"potentialAction\":[{\"@type\":\"SearchAction\",\"target\":{\"@type\":\"EntryPoint\",\"urlTemplate\":\"https:\\\/\\\/www.charente-tournages.com\\\/fr\\\/?s={search_term_string}\"},\"query-input\":{\"@type\":\"PropertyValueSpecification\",\"valueRequired\":true,\"valueName\":\"search_term_string\"}}],\"inLanguage\":\"fr-FR\"}]}<\/script>\n<!-- \/ Yoast SEO plugin. -->","yoast_head_json":{"title":"Proposer un d\u00e9cor I Vous souhaitez d\u00e9couvrir l\u2019envers du d\u00e9cor ?","description":"Proposer un d\u00e9cor : Proposez votre maison, votre appartement ou votre ch\u00e2teau pour un tournage d\u2019un film et vivez une exp\u00e9rience inoubliable.","robots":{"index":"index","follow":"follow","max-snippet":"max-snippet:-1","max-image-preview":"max-image-preview:large","max-video-preview":"max-video-preview:-1"},"canonical":"https:\/\/www.charente-tournages.com\/fr\/moteur\/proposer-un-decor\/","og_locale":"fr_FR","og_type":"article","og_title":"Proposer un d\u00e9cor I Vous souhaitez d\u00e9couvrir l\u2019envers du d\u00e9cor ?","og_description":"Proposer un d\u00e9cor : Proposez votre maison, votre appartement ou votre ch\u00e2teau pour un tournage d\u2019un film et vivez une exp\u00e9rience inoubliable.","og_url":"https:\/\/www.charente-tournages.com\/fr\/moteur\/proposer-un-decor\/","og_site_name":"Charente Tournages","article_modified_time":"2023-12-12T09:21:15+00:00","twitter_card":"summary_large_image","schema":{"@context":"https:\/\/schema.org","@graph":[{"@type":"WebPage","@id":"https:\/\/www.charente-tournages.com\/fr\/moteur\/proposer-un-decor\/","url":"https:\/\/www.charente-tournages.com\/fr\/moteur\/proposer-un-decor\/","name":"Proposer un d\u00e9cor I Vous souhaitez d\u00e9couvrir l\u2019envers du d\u00e9cor ?","isPartOf":{"@id":"https:\/\/www.charente-tournages.com\/fr\/#website"},"datePublished":"2023-09-21T09:19:18+00:00","dateModified":"2023-12-12T09:21:15+00:00","description":"Proposer un d\u00e9cor : Proposez votre maison, votre appartement ou votre ch\u00e2teau pour un tournage d\u2019un film et vivez une exp\u00e9rience inoubliable.","breadcrumb":{"@id":"https:\/\/www.charente-tournages.com\/fr\/moteur\/proposer-un-decor\/#breadcrumb"},"inLanguage":"fr-FR","potentialAction":[{"@type":"ReadAction","target":["https:\/\/www.charente-tournages.com\/fr\/moteur\/proposer-un-decor\/"]}]},{"@type":"BreadcrumbList","@id":"https:\/\/www.charente-tournages.com\/fr\/moteur\/proposer-un-decor\/#breadcrumb","itemListElement":[{"@type":"ListItem","position":1,"name":"Accueil","item":"https:\/\/www.charente-tournages.com\/fr\/"},{"@type":"ListItem","position":2,"name":"Moteur","item":"https:\/\/www.charente-tournages.com\/fr\/moteur\/"},{"@type":"ListItem","position":3,"name":"Proposer un d\u00e9cor"}]},{"@type":"WebSite","@id":"https:\/\/www.charente-tournages.com\/fr\/#website","url":"https:\/\/www.charente-tournages.com\/fr\/","name":"Charente Tournages","description":"Venez prendre la lumi\u00e8re en Charente","potentialAction":[{"@type":"SearchAction","target":{"@type":"EntryPoint","urlTemplate":"https:\/\/www.charente-tournages.com\/fr\/?s={search_term_string}"},"query-input":{"@type":"PropertyValueSpecification","valueRequired":true,"valueName":"search_term_string"}}],"inLanguage":"fr-FR"}]}},"_links":{"self":[{"href":"http:\/\/www.charente-tournages.com\/fr\/wp-json\/wp\/v2\/pages\/529","targetHints":{"allow":["GET"]}}],"collection":[{"href":"http:\/\/www.charente-tournages.com\/fr\/wp-json\/wp\/v2\/pages"}],"about":[{"href":"http:\/\/www.charente-tournages.com\/fr\/wp-json\/wp\/v2\/types\/page"}],"author":[{"embeddable":true,"href":"http:\/\/www.charente-tournages.com\/fr\/wp-json\/wp\/v2\/users\/4"}],"replies":[{"embeddable":true,"href":"http:\/\/www.charente-tournages.com\/fr\/wp-json\/wp\/v2\/comments?post=529"}],"version-history":[{"count":5,"href":"http:\/\/www.charente-tournages.com\/fr\/wp-json\/wp\/v2\/pages\/529\/revisions"}],"predecessor-version":[{"id":1132,"href":"http:\/\/www.charente-tournages.com\/fr\/wp-json\/wp\/v2\/pages\/529\/revisions\/1132"}],"up":[{"embeddable":true,"href":"http:\/\/www.charente-tournages.com\/fr\/wp-json\/wp\/v2\/pages\/102"}],"wp:attachment":[{"href":"http:\/\/www.charente-tournages.com\/fr\/wp-json\/wp\/v2\/media?parent=529"}],"curies":[{"name":"wp","href":"https:\/\/api.w.org\/{rel}","templated":true}]}}