{"id":447,"date":"2023-09-20T16:25:48","date_gmt":"2023-09-20T14:25:48","guid":{"rendered":"https:\/\/www.charente-tournages.com\/?page_id=447"},"modified":"2025-07-28T15:10:15","modified_gmt":"2025-07-28T13:10:15","slug":"eco-production","status":"publish","type":"page","link":"http:\/\/www.charente-tournages.com\/fr\/lumiere\/eco-production\/","title":{"rendered":"Eco-production"},"content":{"rendered":"","protected":false},"excerpt":{"rendered":"","protected":false},"author":4,"featured_media":0,"parent":89,"menu_order":0,"comment_status":"closed","ping_status":"closed","template":"template-templateB.php","meta":{"_acf_changed":false,"footnotes":""},"class_list":["post-447","page","type-page","status-publish","hentry"],"acf":[],"yoast_head":"<!-- This site is optimized with the Yoast SEO plugin v27.6 - https:\/\/yoast.com\/product\/yoast-seo-wordpress\/ -->\n<title>Eco-production I Ou trouver des meubles et accessoires recycl\u00e9s<\/title>\n<meta name=\"description\" content=\"Dans le secteur audiovisuel fran\u00e7ais, la probl\u00e9matique environnementale a donn\u00e9 naissance au terme \u00ab Eco-production \u00bb...\" \/>\n<meta name=\"robots\" content=\"index, follow, max-snippet:-1, max-image-preview:large, max-video-preview:-1\" \/>\n<link rel=\"canonical\" href=\"https:\/\/www.charente-tournages.com\/fr\/lumiere\/eco-production\/\" \/>\n<meta property=\"og:locale\" content=\"fr_FR\" \/>\n<meta property=\"og:type\" content=\"article\" \/>\n<meta property=\"og:title\" content=\"Eco-production I Ou trouver des meubles et accessoires recycl\u00e9s\" \/>\n<meta property=\"og:description\" content=\"Dans le secteur audiovisuel fran\u00e7ais, la probl\u00e9matique environnementale a donn\u00e9 naissance au terme \u00ab Eco-production \u00bb...\" \/>\n<meta property=\"og:url\" content=\"https:\/\/www.charente-tournages.com\/fr\/lumiere\/eco-production\/\" \/>\n<meta property=\"og:site_name\" content=\"Charente Tournages\" \/>\n<meta property=\"article:modified_time\" content=\"2025-07-28T13:10:15+00:00\" \/>\n<meta name=\"twitter:card\" content=\"summary_large_image\" \/>\n<meta name=\"twitter:label1\" content=\"Dur\u00e9e de lecture estim\u00e9e\" \/>\n\t<meta name=\"twitter:data1\" content=\"3 minutes\" \/>\n<script type=\"application\/ld+json\" class=\"yoast-schema-graph\">{\"@context\":\"https:\\\/\\\/schema.org\",\"@graph\":[{\"@type\":\"WebPage\",\"@id\":\"https:\\\/\\\/www.charente-tournages.com\\\/fr\\\/lumiere\\\/eco-production\\\/\",\"url\":\"https:\\\/\\\/www.charente-tournages.com\\\/fr\\\/lumiere\\\/eco-production\\\/\",\"name\":\"Eco-production I Ou trouver des meubles et accessoires recycl\u00e9s\",\"isPartOf\":{\"@id\":\"https:\\\/\\\/www.charente-tournages.com\\\/fr\\\/#website\"},\"datePublished\":\"2023-09-20T14:25:48+00:00\",\"dateModified\":\"2025-07-28T13:10:15+00:00\",\"description\":\"Dans le secteur audiovisuel fran\u00e7ais, la probl\u00e9matique environnementale a donn\u00e9 naissance au terme \u00ab Eco-production \u00bb...\",\"breadcrumb\":{\"@id\":\"https:\\\/\\\/www.charente-tournages.com\\\/fr\\\/lumiere\\\/eco-production\\\/#breadcrumb\"},\"inLanguage\":\"fr-FR\",\"potentialAction\":[{\"@type\":\"ReadAction\",\"target\":[\"https:\\\/\\\/www.charente-tournages.com\\\/fr\\\/lumiere\\\/eco-production\\\/\"]}]},{\"@type\":\"BreadcrumbList\",\"@id\":\"https:\\\/\\\/www.charente-tournages.com\\\/fr\\\/lumiere\\\/eco-production\\\/#breadcrumb\",\"itemListElement\":[{\"@type\":\"ListItem\",\"position\":1,\"name\":\"Accueil\",\"item\":\"https:\\\/\\\/www.charente-tournages.com\\\/fr\\\/\"},{\"@type\":\"ListItem\",\"position\":2,\"name\":\"Lumi\u00e8re\",\"item\":\"https:\\\/\\\/www.charente-tournages.com\\\/fr\\\/lumiere\\\/\"},{\"@type\":\"ListItem\",\"position\":3,\"name\":\"Eco-production\"}]},{\"@type\":\"WebSite\",\"@id\":\"https:\\\/\\\/www.charente-tournages.com\\\/fr\\\/#website\",\"url\":\"https:\\\/\\\/www.charente-tournages.com\\\/fr\\\/\",\"name\":\"Charente Tournages\",\"description\":\"Venez prendre la lumi\u00e8re en Charente\",\"potentialAction\":[{\"@type\":\"SearchAction\",\"target\":{\"@type\":\"EntryPoint\",\"urlTemplate\":\"https:\\\/\\\/www.charente-tournages.com\\\/fr\\\/?s={search_term_string}\"},\"query-input\":{\"@type\":\"PropertyValueSpecification\",\"valueRequired\":true,\"valueName\":\"search_term_string\"}}],\"inLanguage\":\"fr-FR\"}]}<\/script>\n<!-- \/ Yoast SEO plugin. -->","yoast_head_json":{"title":"Eco-production I Ou trouver des meubles et accessoires recycl\u00e9s","description":"Dans le secteur audiovisuel fran\u00e7ais, la probl\u00e9matique environnementale a donn\u00e9 naissance au terme \u00ab Eco-production \u00bb...","robots":{"index":"index","follow":"follow","max-snippet":"max-snippet:-1","max-image-preview":"max-image-preview:large","max-video-preview":"max-video-preview:-1"},"canonical":"https:\/\/www.charente-tournages.com\/fr\/lumiere\/eco-production\/","og_locale":"fr_FR","og_type":"article","og_title":"Eco-production I Ou trouver des meubles et accessoires recycl\u00e9s","og_description":"Dans le secteur audiovisuel fran\u00e7ais, la probl\u00e9matique environnementale a donn\u00e9 naissance au terme \u00ab Eco-production \u00bb...","og_url":"https:\/\/www.charente-tournages.com\/fr\/lumiere\/eco-production\/","og_site_name":"Charente Tournages","article_modified_time":"2025-07-28T13:10:15+00:00","twitter_card":"summary_large_image","twitter_misc":{"Dur\u00e9e de lecture estim\u00e9e":"3 minutes"},"schema":{"@context":"https:\/\/schema.org","@graph":[{"@type":"WebPage","@id":"https:\/\/www.charente-tournages.com\/fr\/lumiere\/eco-production\/","url":"https:\/\/www.charente-tournages.com\/fr\/lumiere\/eco-production\/","name":"Eco-production I Ou trouver des meubles et accessoires recycl\u00e9s","isPartOf":{"@id":"https:\/\/www.charente-tournages.com\/fr\/#website"},"datePublished":"2023-09-20T14:25:48+00:00","dateModified":"2025-07-28T13:10:15+00:00","description":"Dans le secteur audiovisuel fran\u00e7ais, la probl\u00e9matique environnementale a donn\u00e9 naissance au terme \u00ab Eco-production \u00bb...","breadcrumb":{"@id":"https:\/\/www.charente-tournages.com\/fr\/lumiere\/eco-production\/#breadcrumb"},"inLanguage":"fr-FR","potentialAction":[{"@type":"ReadAction","target":["https:\/\/www.charente-tournages.com\/fr\/lumiere\/eco-production\/"]}]},{"@type":"BreadcrumbList","@id":"https:\/\/www.charente-tournages.com\/fr\/lumiere\/eco-production\/#breadcrumb","itemListElement":[{"@type":"ListItem","position":1,"name":"Accueil","item":"https:\/\/www.charente-tournages.com\/fr\/"},{"@type":"ListItem","position":2,"name":"Lumi\u00e8re","item":"https:\/\/www.charente-tournages.com\/fr\/lumiere\/"},{"@type":"ListItem","position":3,"name":"Eco-production"}]},{"@type":"WebSite","@id":"https:\/\/www.charente-tournages.com\/fr\/#website","url":"https:\/\/www.charente-tournages.com\/fr\/","name":"Charente Tournages","description":"Venez prendre la lumi\u00e8re en Charente","potentialAction":[{"@type":"SearchAction","target":{"@type":"EntryPoint","urlTemplate":"https:\/\/www.charente-tournages.com\/fr\/?s={search_term_string}"},"query-input":{"@type":"PropertyValueSpecification","valueRequired":true,"valueName":"search_term_string"}}],"inLanguage":"fr-FR"}]}},"_links":{"self":[{"href":"http:\/\/www.charente-tournages.com\/fr\/wp-json\/wp\/v2\/pages\/447","targetHints":{"allow":["GET"]}}],"collection":[{"href":"http:\/\/www.charente-tournages.com\/fr\/wp-json\/wp\/v2\/pages"}],"about":[{"href":"http:\/\/www.charente-tournages.com\/fr\/wp-json\/wp\/v2\/types\/page"}],"author":[{"embeddable":true,"href":"http:\/\/www.charente-tournages.com\/fr\/wp-json\/wp\/v2\/users\/4"}],"replies":[{"embeddable":true,"href":"http:\/\/www.charente-tournages.com\/fr\/wp-json\/wp\/v2\/comments?post=447"}],"version-history":[{"count":22,"href":"http:\/\/www.charente-tournages.com\/fr\/wp-json\/wp\/v2\/pages\/447\/revisions"}],"predecessor-version":[{"id":2975,"href":"http:\/\/www.charente-tournages.com\/fr\/wp-json\/wp\/v2\/pages\/447\/revisions\/2975"}],"up":[{"embeddable":true,"href":"http:\/\/www.charente-tournages.com\/fr\/wp-json\/wp\/v2\/pages\/89"}],"wp:attachment":[{"href":"http:\/\/www.charente-tournages.com\/fr\/wp-json\/wp\/v2\/media?parent=447"}],"curies":[{"name":"wp","href":"https:\/\/api.w.org\/{rel}","templated":true}]}}