{"id":209,"date":"2023-09-12T13:44:55","date_gmt":"2023-09-12T11:44:55","guid":{"rendered":"https:\/\/www.charente-tournages.fr\/?page_id=209"},"modified":"2023-12-12T10:20:23","modified_gmt":"2023-12-12T09:20:23","slug":"postuler-comme-figurant","status":"publish","type":"page","link":"http:\/\/www.charente-tournages.com\/fr\/moteur\/postuler-comme-figurant\/","title":{"rendered":"Postuler comme figurant"},"content":{"rendered":"","protected":false},"excerpt":{"rendered":"","protected":false},"author":1,"featured_media":0,"parent":102,"menu_order":0,"comment_status":"closed","ping_status":"closed","template":"template-templayeC.php","meta":{"_acf_changed":false,"footnotes":""},"class_list":["post-209","page","type-page","status-publish","hentry"],"acf":[],"yoast_head":"<!-- This site is optimized with the Yoast SEO plugin v27.5 - https:\/\/yoast.com\/product\/yoast-seo-wordpress\/ -->\n<title>Postuler comme figurant I Vous souhaitez faire de la figuration ?<\/title>\n<meta name=\"description\" content=\"Vous souhaitez faire de la figuration ? Vous pouvez \u00e9galement envoyer votre profil \u00e0 la directrice de casting Sophie Foug\u00e8re...\" \/>\n<meta name=\"robots\" content=\"index, follow, max-snippet:-1, max-image-preview:large, max-video-preview:-1\" \/>\n<link rel=\"canonical\" href=\"https:\/\/www.charente-tournages.com\/fr\/moteur\/postuler-comme-figurant\/\" \/>\n<meta property=\"og:locale\" content=\"fr_FR\" \/>\n<meta property=\"og:type\" content=\"article\" \/>\n<meta property=\"og:title\" content=\"Postuler comme figurant I Vous souhaitez faire de la figuration ?\" \/>\n<meta property=\"og:description\" content=\"Vous souhaitez faire de la figuration ? Vous pouvez \u00e9galement envoyer votre profil \u00e0 la directrice de casting Sophie Foug\u00e8re...\" \/>\n<meta property=\"og:url\" content=\"https:\/\/www.charente-tournages.com\/fr\/moteur\/postuler-comme-figurant\/\" \/>\n<meta property=\"og:site_name\" content=\"Charente Tournages\" \/>\n<meta property=\"article:modified_time\" content=\"2023-12-12T09:20:23+00:00\" \/>\n<meta name=\"twitter:card\" content=\"summary_large_image\" \/>\n<script type=\"application\/ld+json\" class=\"yoast-schema-graph\">{\"@context\":\"https:\\\/\\\/schema.org\",\"@graph\":[{\"@type\":\"WebPage\",\"@id\":\"https:\\\/\\\/www.charente-tournages.com\\\/fr\\\/moteur\\\/postuler-comme-figurant\\\/\",\"url\":\"https:\\\/\\\/www.charente-tournages.com\\\/fr\\\/moteur\\\/postuler-comme-figurant\\\/\",\"name\":\"Postuler comme figurant I Vous souhaitez faire de la figuration ?\",\"isPartOf\":{\"@id\":\"https:\\\/\\\/www.charente-tournages.com\\\/fr\\\/#website\"},\"datePublished\":\"2023-09-12T11:44:55+00:00\",\"dateModified\":\"2023-12-12T09:20:23+00:00\",\"description\":\"Vous souhaitez faire de la figuration ? Vous pouvez \u00e9galement envoyer votre profil \u00e0 la directrice de casting Sophie Foug\u00e8re...\",\"breadcrumb\":{\"@id\":\"https:\\\/\\\/www.charente-tournages.com\\\/fr\\\/moteur\\\/postuler-comme-figurant\\\/#breadcrumb\"},\"inLanguage\":\"fr-FR\",\"potentialAction\":[{\"@type\":\"ReadAction\",\"target\":[\"https:\\\/\\\/www.charente-tournages.com\\\/fr\\\/moteur\\\/postuler-comme-figurant\\\/\"]}]},{\"@type\":\"BreadcrumbList\",\"@id\":\"https:\\\/\\\/www.charente-tournages.com\\\/fr\\\/moteur\\\/postuler-comme-figurant\\\/#breadcrumb\",\"itemListElement\":[{\"@type\":\"ListItem\",\"position\":1,\"name\":\"Accueil\",\"item\":\"https:\\\/\\\/www.charente-tournages.com\\\/fr\\\/\"},{\"@type\":\"ListItem\",\"position\":2,\"name\":\"Moteur\",\"item\":\"http:\\\/\\\/www.charente-tournages.com\\\/fr\\\/moteur\\\/\"},{\"@type\":\"ListItem\",\"position\":3,\"name\":\"Postuler comme figurant\"}]},{\"@type\":\"WebSite\",\"@id\":\"https:\\\/\\\/www.charente-tournages.com\\\/fr\\\/#website\",\"url\":\"https:\\\/\\\/www.charente-tournages.com\\\/fr\\\/\",\"name\":\"Charente Tournages\",\"description\":\"Venez prendre la lumi\u00e8re en Charente\",\"potentialAction\":[{\"@type\":\"SearchAction\",\"target\":{\"@type\":\"EntryPoint\",\"urlTemplate\":\"https:\\\/\\\/www.charente-tournages.com\\\/fr\\\/?s={search_term_string}\"},\"query-input\":{\"@type\":\"PropertyValueSpecification\",\"valueRequired\":true,\"valueName\":\"search_term_string\"}}],\"inLanguage\":\"fr-FR\"}]}<\/script>\n<!-- \/ Yoast SEO plugin. -->","yoast_head_json":{"title":"Postuler comme figurant I Vous souhaitez faire de la figuration ?","description":"Vous souhaitez faire de la figuration ? Vous pouvez \u00e9galement envoyer votre profil \u00e0 la directrice de casting Sophie Foug\u00e8re...","robots":{"index":"index","follow":"follow","max-snippet":"max-snippet:-1","max-image-preview":"max-image-preview:large","max-video-preview":"max-video-preview:-1"},"canonical":"https:\/\/www.charente-tournages.com\/fr\/moteur\/postuler-comme-figurant\/","og_locale":"fr_FR","og_type":"article","og_title":"Postuler comme figurant I Vous souhaitez faire de la figuration ?","og_description":"Vous souhaitez faire de la figuration ? Vous pouvez \u00e9galement envoyer votre profil \u00e0 la directrice de casting Sophie Foug\u00e8re...","og_url":"https:\/\/www.charente-tournages.com\/fr\/moteur\/postuler-comme-figurant\/","og_site_name":"Charente Tournages","article_modified_time":"2023-12-12T09:20:23+00:00","twitter_card":"summary_large_image","schema":{"@context":"https:\/\/schema.org","@graph":[{"@type":"WebPage","@id":"https:\/\/www.charente-tournages.com\/fr\/moteur\/postuler-comme-figurant\/","url":"https:\/\/www.charente-tournages.com\/fr\/moteur\/postuler-comme-figurant\/","name":"Postuler comme figurant I Vous souhaitez faire de la figuration ?","isPartOf":{"@id":"https:\/\/www.charente-tournages.com\/fr\/#website"},"datePublished":"2023-09-12T11:44:55+00:00","dateModified":"2023-12-12T09:20:23+00:00","description":"Vous souhaitez faire de la figuration ? Vous pouvez \u00e9galement envoyer votre profil \u00e0 la directrice de casting Sophie Foug\u00e8re...","breadcrumb":{"@id":"https:\/\/www.charente-tournages.com\/fr\/moteur\/postuler-comme-figurant\/#breadcrumb"},"inLanguage":"fr-FR","potentialAction":[{"@type":"ReadAction","target":["https:\/\/www.charente-tournages.com\/fr\/moteur\/postuler-comme-figurant\/"]}]},{"@type":"BreadcrumbList","@id":"https:\/\/www.charente-tournages.com\/fr\/moteur\/postuler-comme-figurant\/#breadcrumb","itemListElement":[{"@type":"ListItem","position":1,"name":"Accueil","item":"https:\/\/www.charente-tournages.com\/fr\/"},{"@type":"ListItem","position":2,"name":"Moteur","item":"http:\/\/www.charente-tournages.com\/fr\/moteur\/"},{"@type":"ListItem","position":3,"name":"Postuler comme figurant"}]},{"@type":"WebSite","@id":"https:\/\/www.charente-tournages.com\/fr\/#website","url":"https:\/\/www.charente-tournages.com\/fr\/","name":"Charente Tournages","description":"Venez prendre la lumi\u00e8re en Charente","potentialAction":[{"@type":"SearchAction","target":{"@type":"EntryPoint","urlTemplate":"https:\/\/www.charente-tournages.com\/fr\/?s={search_term_string}"},"query-input":{"@type":"PropertyValueSpecification","valueRequired":true,"valueName":"search_term_string"}}],"inLanguage":"fr-FR"}]}},"_links":{"self":[{"href":"http:\/\/www.charente-tournages.com\/fr\/wp-json\/wp\/v2\/pages\/209","targetHints":{"allow":["GET"]}}],"collection":[{"href":"http:\/\/www.charente-tournages.com\/fr\/wp-json\/wp\/v2\/pages"}],"about":[{"href":"http:\/\/www.charente-tournages.com\/fr\/wp-json\/wp\/v2\/types\/page"}],"author":[{"embeddable":true,"href":"http:\/\/www.charente-tournages.com\/fr\/wp-json\/wp\/v2\/users\/1"}],"replies":[{"embeddable":true,"href":"http:\/\/www.charente-tournages.com\/fr\/wp-json\/wp\/v2\/comments?post=209"}],"version-history":[{"count":8,"href":"http:\/\/www.charente-tournages.com\/fr\/wp-json\/wp\/v2\/pages\/209\/revisions"}],"predecessor-version":[{"id":1131,"href":"http:\/\/www.charente-tournages.com\/fr\/wp-json\/wp\/v2\/pages\/209\/revisions\/1131"}],"up":[{"embeddable":true,"href":"http:\/\/www.charente-tournages.com\/fr\/wp-json\/wp\/v2\/pages\/102"}],"wp:attachment":[{"href":"http:\/\/www.charente-tournages.com\/fr\/wp-json\/wp\/v2\/media?parent=209"}],"curies":[{"name":"wp","href":"https:\/\/api.w.org\/{rel}","templated":true}]}}