{"id":118,"date":"2023-09-08T15:38:13","date_gmt":"2023-09-08T13:38:13","guid":{"rendered":"https:\/\/www.charente-tournages.fr\/?page_id=118"},"modified":"2023-12-12T10:03:45","modified_gmt":"2023-12-12T09:03:45","slug":"aides-a-la-production","status":"publish","type":"page","link":"http:\/\/www.charente-tournages.com\/fr\/lumiere\/aides-a-la-production\/","title":{"rendered":"Aides \u00e0 la production"},"content":{"rendered":"","protected":false},"excerpt":{"rendered":"","protected":false},"author":1,"featured_media":0,"parent":89,"menu_order":0,"comment_status":"closed","ping_status":"closed","template":"template-templateA.php","meta":{"_acf_changed":false,"footnotes":""},"class_list":["post-118","page","type-page","status-publish","hentry"],"acf":[],"yoast_head":"<!-- This site is optimized with the Yoast SEO plugin v27.5 - https:\/\/yoast.com\/product\/yoast-seo-wordpress\/ -->\n<title>Aides \u00e0 la production I De l\u2019animation aux nouveaux m\u00e9dias<\/title>\n<meta name=\"description\" content=\"Aides \u00e0 la production : avec le soutien de la r\u00e9gion Nouvelle-Aquitaine, la Charente est une terre de pr\u00e9dilection pour les producteurs...\" \/>\n<meta name=\"robots\" content=\"index, follow, max-snippet:-1, max-image-preview:large, max-video-preview:-1\" \/>\n<link rel=\"canonical\" href=\"http:\/\/www.charente-tournages.com\/fr\/lumiere\/aides-a-la-production\/\" \/>\n<meta property=\"og:locale\" content=\"fr_FR\" \/>\n<meta property=\"og:type\" content=\"article\" \/>\n<meta property=\"og:title\" content=\"Aides \u00e0 la production I De l\u2019animation aux nouveaux m\u00e9dias\" \/>\n<meta property=\"og:description\" content=\"Aides \u00e0 la production : avec le soutien de la r\u00e9gion Nouvelle-Aquitaine, la Charente est une terre de pr\u00e9dilection pour les producteurs...\" \/>\n<meta property=\"og:url\" content=\"http:\/\/www.charente-tournages.com\/fr\/lumiere\/aides-a-la-production\/\" \/>\n<meta property=\"og:site_name\" content=\"Charente Tournages\" \/>\n<meta property=\"article:modified_time\" content=\"2023-12-12T09:03:45+00:00\" \/>\n<meta name=\"twitter:card\" content=\"summary_large_image\" \/>\n<script type=\"application\/ld+json\" class=\"yoast-schema-graph\">{\"@context\":\"https:\\\/\\\/schema.org\",\"@graph\":[{\"@type\":\"WebPage\",\"@id\":\"http:\\\/\\\/www.charente-tournages.com\\\/fr\\\/lumiere\\\/aides-a-la-production\\\/\",\"url\":\"http:\\\/\\\/www.charente-tournages.com\\\/fr\\\/lumiere\\\/aides-a-la-production\\\/\",\"name\":\"Aides \u00e0 la production I De l\u2019animation aux nouveaux m\u00e9dias\",\"isPartOf\":{\"@id\":\"https:\\\/\\\/www.charente-tournages.com\\\/fr\\\/#website\"},\"datePublished\":\"2023-09-08T13:38:13+00:00\",\"dateModified\":\"2023-12-12T09:03:45+00:00\",\"description\":\"Aides \u00e0 la production : avec le soutien de la r\u00e9gion Nouvelle-Aquitaine, la Charente est une terre de pr\u00e9dilection pour les producteurs...\",\"breadcrumb\":{\"@id\":\"http:\\\/\\\/www.charente-tournages.com\\\/fr\\\/lumiere\\\/aides-a-la-production\\\/#breadcrumb\"},\"inLanguage\":\"fr-FR\",\"potentialAction\":[{\"@type\":\"ReadAction\",\"target\":[\"http:\\\/\\\/www.charente-tournages.com\\\/fr\\\/lumiere\\\/aides-a-la-production\\\/\"]}]},{\"@type\":\"BreadcrumbList\",\"@id\":\"http:\\\/\\\/www.charente-tournages.com\\\/fr\\\/lumiere\\\/aides-a-la-production\\\/#breadcrumb\",\"itemListElement\":[{\"@type\":\"ListItem\",\"position\":1,\"name\":\"Accueil\",\"item\":\"https:\\\/\\\/www.charente-tournages.com\\\/fr\\\/\"},{\"@type\":\"ListItem\",\"position\":2,\"name\":\"Lumi\u00e8re\",\"item\":\"https:\\\/\\\/www.charente-tournages.com\\\/fr\\\/lumiere\\\/\"},{\"@type\":\"ListItem\",\"position\":3,\"name\":\"Aides \u00e0 la production\"}]},{\"@type\":\"WebSite\",\"@id\":\"https:\\\/\\\/www.charente-tournages.com\\\/fr\\\/#website\",\"url\":\"https:\\\/\\\/www.charente-tournages.com\\\/fr\\\/\",\"name\":\"Charente Tournages\",\"description\":\"Venez prendre la lumi\u00e8re en Charente\",\"potentialAction\":[{\"@type\":\"SearchAction\",\"target\":{\"@type\":\"EntryPoint\",\"urlTemplate\":\"https:\\\/\\\/www.charente-tournages.com\\\/fr\\\/?s={search_term_string}\"},\"query-input\":{\"@type\":\"PropertyValueSpecification\",\"valueRequired\":true,\"valueName\":\"search_term_string\"}}],\"inLanguage\":\"fr-FR\"}]}<\/script>\n<!-- \/ Yoast SEO plugin. -->","yoast_head_json":{"title":"Aides \u00e0 la production I De l\u2019animation aux nouveaux m\u00e9dias","description":"Aides \u00e0 la production : avec le soutien de la r\u00e9gion Nouvelle-Aquitaine, la Charente est une terre de pr\u00e9dilection pour les producteurs...","robots":{"index":"index","follow":"follow","max-snippet":"max-snippet:-1","max-image-preview":"max-image-preview:large","max-video-preview":"max-video-preview:-1"},"canonical":"http:\/\/www.charente-tournages.com\/fr\/lumiere\/aides-a-la-production\/","og_locale":"fr_FR","og_type":"article","og_title":"Aides \u00e0 la production I De l\u2019animation aux nouveaux m\u00e9dias","og_description":"Aides \u00e0 la production : avec le soutien de la r\u00e9gion Nouvelle-Aquitaine, la Charente est une terre de pr\u00e9dilection pour les producteurs...","og_url":"http:\/\/www.charente-tournages.com\/fr\/lumiere\/aides-a-la-production\/","og_site_name":"Charente Tournages","article_modified_time":"2023-12-12T09:03:45+00:00","twitter_card":"summary_large_image","schema":{"@context":"https:\/\/schema.org","@graph":[{"@type":"WebPage","@id":"http:\/\/www.charente-tournages.com\/fr\/lumiere\/aides-a-la-production\/","url":"http:\/\/www.charente-tournages.com\/fr\/lumiere\/aides-a-la-production\/","name":"Aides \u00e0 la production I De l\u2019animation aux nouveaux m\u00e9dias","isPartOf":{"@id":"https:\/\/www.charente-tournages.com\/fr\/#website"},"datePublished":"2023-09-08T13:38:13+00:00","dateModified":"2023-12-12T09:03:45+00:00","description":"Aides \u00e0 la production : avec le soutien de la r\u00e9gion Nouvelle-Aquitaine, la Charente est une terre de pr\u00e9dilection pour les producteurs...","breadcrumb":{"@id":"http:\/\/www.charente-tournages.com\/fr\/lumiere\/aides-a-la-production\/#breadcrumb"},"inLanguage":"fr-FR","potentialAction":[{"@type":"ReadAction","target":["http:\/\/www.charente-tournages.com\/fr\/lumiere\/aides-a-la-production\/"]}]},{"@type":"BreadcrumbList","@id":"http:\/\/www.charente-tournages.com\/fr\/lumiere\/aides-a-la-production\/#breadcrumb","itemListElement":[{"@type":"ListItem","position":1,"name":"Accueil","item":"https:\/\/www.charente-tournages.com\/fr\/"},{"@type":"ListItem","position":2,"name":"Lumi\u00e8re","item":"https:\/\/www.charente-tournages.com\/fr\/lumiere\/"},{"@type":"ListItem","position":3,"name":"Aides \u00e0 la production"}]},{"@type":"WebSite","@id":"https:\/\/www.charente-tournages.com\/fr\/#website","url":"https:\/\/www.charente-tournages.com\/fr\/","name":"Charente Tournages","description":"Venez prendre la lumi\u00e8re en Charente","potentialAction":[{"@type":"SearchAction","target":{"@type":"EntryPoint","urlTemplate":"https:\/\/www.charente-tournages.com\/fr\/?s={search_term_string}"},"query-input":{"@type":"PropertyValueSpecification","valueRequired":true,"valueName":"search_term_string"}}],"inLanguage":"fr-FR"}]}},"_links":{"self":[{"href":"http:\/\/www.charente-tournages.com\/fr\/wp-json\/wp\/v2\/pages\/118","targetHints":{"allow":["GET"]}}],"collection":[{"href":"http:\/\/www.charente-tournages.com\/fr\/wp-json\/wp\/v2\/pages"}],"about":[{"href":"http:\/\/www.charente-tournages.com\/fr\/wp-json\/wp\/v2\/types\/page"}],"author":[{"embeddable":true,"href":"http:\/\/www.charente-tournages.com\/fr\/wp-json\/wp\/v2\/users\/1"}],"replies":[{"embeddable":true,"href":"http:\/\/www.charente-tournages.com\/fr\/wp-json\/wp\/v2\/comments?post=118"}],"version-history":[{"count":15,"href":"http:\/\/www.charente-tournages.com\/fr\/wp-json\/wp\/v2\/pages\/118\/revisions"}],"predecessor-version":[{"id":1123,"href":"http:\/\/www.charente-tournages.com\/fr\/wp-json\/wp\/v2\/pages\/118\/revisions\/1123"}],"up":[{"embeddable":true,"href":"http:\/\/www.charente-tournages.com\/fr\/wp-json\/wp\/v2\/pages\/89"}],"wp:attachment":[{"href":"http:\/\/www.charente-tournages.com\/fr\/wp-json\/wp\/v2\/media?parent=118"}],"curies":[{"name":"wp","href":"https:\/\/api.w.org\/{rel}","templated":true}]}}